{"id":73,"date":"2022-12-20T13:01:02","date_gmt":"2022-12-20T13:01:02","guid":{"rendered":"https:\/\/www.hpvn-nordoberpfalz.de\/?page_id=73"},"modified":"2023-11-23T19:08:12","modified_gmt":"2023-11-23T19:08:12","slug":"datenschutz","status":"publish","type":"page","link":"https:\/\/www.hpvn-nordoberpfalz.de\/index.php\/datenschutz\/","title":{"rendered":"Datenschutz"},"content":{"rendered":"<h3 class=\"av-special-heading-tag\">Datenschutzerkl\u00e4rung<\/h3>\n<section class=\"av_textblock_section av-3hwznq-7f6be20177780e793d8cb121cee3bc4a\">\n<div class=\"avia_textblock av_inherit_color\">\n<h4><strong>Verantwortlichkeiten<\/strong><\/h4>\n<p>Verantwortlich f\u00fcr die Datenerhebung:<\/p>\n<p>Landratsamt Neustadt a. d. Waldnaab<\/p>\n<p>Abteilung Gesundheitswesen<\/p>\n<p>Gesundheitsamt f\u00fcr den Landkreis Neustadt a. d. Waldnaab und die Stadt Weiden in der Oberpfalz<\/p>\n<p style=\"font-weight: 400;\">Daniela Peintinger<br \/>\nMaistra\u00dfe 7-9<br \/>\n92637 Weiden i.d.OPf<\/p>\n<p style=\"font-weight: 400;\">Tel.: 09602\/79-6300 oder -6310<\/p>\n<p style=\"font-weight: 400;\">Email: dpeintinger@grplus-nopf.de<\/p>\n<h4><strong>Kontaktdaten Datenschutzbeauftragter<\/strong><\/h4>\n<p>Landratsamt Neustadt a. d. Waldnaab<\/p>\n<p>Stadtplatz 36<\/p>\n<p>92660 Neustadt a.d. Waldnaab<\/p>\n<p>Telefon: +49 (0) 9602 \/ 79 9010<\/p>\n<p>E-Mail:datenschutz@neustadt.de<\/p>\n<h4><strong>Zwecke und Rechtsgrundlagen der Datenverarbeitung<br \/>\n<\/strong><\/h4>\n<p>Die Rechtsgrundlage f\u00fcr die Verarbeitung Ihrer Daten ergibt sich aus Art. 6 Abs. 1 der Datenschutzgrundverordnung (DSGVO). Insbesondere ist es uns nach Art. 6 Abs. 1 Buchstabe e und f DSGVO\u00a0 in Verbindung mit Art. 4 Abs. 1 BayDSG-E erlaubt, die zur Erf\u00fcllung einer uns obliegenden Aufgabe erforderlichen Daten zu verarbeiten.<br \/>\nSollten Sie in die Datenverarbeitung eingewilligt haben (z.B. wenn Sie unser Kontaktformular ausf\u00fcllen und absenden), st\u00fctzt sich die Datenverarbeitung auf Art. 6 Abs. 1 Buchstabe a DSGVO.<\/p>\n<h4><strong>Technische Umsetzung<br \/>\n<\/strong><\/h4>\n<p><em>Hier kommt noch die Info zum externen Anbieter, der den Server technisch betreut.<\/em><\/p>\n<h4><strong>Protokollierung<br \/>\n<\/strong><\/h4>\n<p>Wenn Sie diese oder andere Internetseiten aufrufen, \u00fcbermitteln Sie \u00fcber Ihren Internetbrowser Daten an unseren Webserver. Die folgenden Daten werden w\u00e4hrend einer laufenden Verbindung zur Kommunikation zwischen Ihrem Internetbrowser und unserem Webserver aufgezeichnet:<\/p>\n<ul>\n<li>Datum und Uhrzeit der Anforderung<\/li>\n<li>Name der angeforderten Datei<\/li>\n<li>Seite, von der aus die Datei angefordert wurde<\/li>\n<li>Zugriffsstatus (Datei \u00fcbertragen, Datei nicht gefunden, etc.)<\/li>\n<li>verwendete Webbrowser und verwendetes Betriebssystem<\/li>\n<li>\u00fcbertragene Datenmenge.<\/li>\n<\/ul>\n<p>Aus Gr\u00fcnden der technischen Sicherheit, ins besondere zur Abwehr von Angriffsversuchen auf unseren Webserver, werden diese Daten von uns gespeichert. Nach sp\u00e4testens sieben Tagen werden die Daten durch Verk\u00fcrzung der IP-Adresse auf Domain-Ebene anonymisiert, so dass es nicht mehr m\u00f6glich ist, einen Bezug auf einzelne Nutzer herzustellen. Die Daten werden ausschlie\u00dflich zu diesem Zweck und in anonymisierter Form zu statistischen Zwecken verarbeitet; ein Abgleich mit anderen Datenbest\u00e4nden oder eine Weitergabe an Dritte, auch in Ausz\u00fcgen, findet nicht statt.<\/p>\n<h4><strong>Links<br \/>\n<\/strong><\/h4>\n<p>Von unseren eigenen Inhalten sind Querverweise (\u201cLinks\u201d) auf die Webseiten anderer Anbieter zu unterscheiden. Durch diese Links erm\u00f6glichen wir lediglich den Zugang zur Nutzung fremder Inhalte nach \u00a7 8 Telemediengesetz. Bei der erstmaligen Verkn\u00fcpfung mit diesen Internetangeboten haben wir diese fremden Inhalte daraufhin \u00fcberpr\u00fcft, ob durch sie eine m\u00f6gliche zivilrechtliche oder strafrechtliche Verantwortlichkeit ausgel\u00f6st wird. Wir k\u00f6nnen diese fremden Inhalte aber nicht st\u00e4ndig auf Ver\u00e4nderungen \u00fcberpr\u00fcfen und daher auch keine Verantwortung daf\u00fcr \u00fcbernehmen. F\u00fcr illegale, fehlerhafte oder unvollst\u00e4ndige Inhalte und insbesondere f\u00fcr Sch\u00e4den, die aus der Nutzung oder Nichtnutzung von Informationen Dritter entstehen, haftet allein der jeweilige Anbieter der Seite.<\/p>\n<h4><strong>Cookies<\/strong><\/h4>\n<p>Beim Zugriff auf unsere Webseite\u00a0 werden von uns Cookies (kleine Dateien) auf Ihrer Festplatte gespeichert, die f\u00fcr die Dauer Ihres Besuches auf der Internetseite g\u00fcltig sind. Wir verwenden diese ausschlie\u00dflich dazu, Sie w\u00e4hrend Ihres Besuchs unserer Internetseite zu identifizieren. Die meisten Browser sind so eingestellt, dass sie die Verwendung von Cookies akzeptieren, diese Funktion kann aber durch die Einstellung des Internetbrowsers von Ihnen f\u00fcr die laufende Sitzung oder dauerhaft abgeschaltet werden. Nach Ende Ihres Besuches werden diese Cookies automatisch wieder von Ihrer Festplatte gel\u00f6scht.<\/p>\n<p>Die durch Cookies verarbeiteten Daten sind f\u00fcr die genannten Zwecke zur Wahrung unserer berechtigten Interessen sowie der Dritter nach Art. 6 Abs. 1 S. 1 lit. f DSGVO erforderlich<\/p>\n<h4><strong>Aktive Komponenten<\/strong><\/h4>\n<p>Auf unseren Seiten werden Applikationen angeboten, die HTML5, JavaScript oder Active-X-Controls \u2013 auch von externen Anbietern \u2013 beinhalten. Dies geschieht u.a. bei unseren GeoAnwendungen. Durch einen Aufruf solcher Inhalte erhalten externe Anbieter ggf. Informationen \u00fcber Ihren Besuch auf unseren Internetseiten. Hierbei ist auch eine Verarbeitung von Daten au\u00dferhalb der EU m\u00f6glich. Um das zu verhindern, k\u00f6nnen Sie JavaSkript und die damit verbundene Daten\u00fcbertragung in den Einstellungen ihres Browsers jederzeit deaktivieren. Allerdings sind die betroffenen Seiten dann nur noch mit erheblichen Einschr\u00e4nkungen oder gar nicht mehr nutzbar.<\/p>\n<h3><em>\u2014HIER HINWEIS auf Webanalysetool, sofern Verwendung. Ansonsten kein Text \u2014<\/em><\/h3>\n<h4><strong>Zusammenarbeit mit Auftragsverarbeitern und Dritten<br \/>\n<\/strong><\/h4>\n<p>Sofern wir im Rahmen unserer Verarbeitung Daten gegen\u00fcber anderen Personen und Unternehmen (Auftragsverarbeitern oder Dritten) offenbaren, sie an diese \u00fcbermitteln oder ihnen sonst Zugriff auf die Daten gew\u00e4hren, erfolgt dies nur auf Grundlage einer gesetzlichen Erlaubnis (z.B. wenn eine \u00dcbermittlung der Daten an Dritte, wie an Zahlungsdienstleister, gem. Art. 6 Abs. 1 lit. b DSGVO zur Vertragserf\u00fcllung erforderlich ist), Sie eingewilligt haben, eine rechtliche Verpflichtung dies vorsieht oder auf Grundlage unserer berechtigten Interessen (z.B. beim Einsatz von Beauftragten, Webhostern, etc.). Sofern wir Dritte mit der Verarbeitung von Daten auf Grundlage eines sog. \u201eAuftragsverarbeitungsvertrages\u201c beauftragen, geschieht dies auf Grundlage des Art. 28 DSGVO.<\/p>\n<h4><strong>Onlinepr\u00e4senzen in sozialen Medien<br \/>\n<\/strong><\/h4>\n<p>Wir unterhalten auf Grundlage unserer berechtigten Interessen im Sinne des Art. 6 Abs. 1 lit. f. DSGVO Onlinepr\u00e4senzen innerhalb sozialer Netzwerke und Plattformen, um mit den dort aktiven Kunden, Interessenten und Nutzern kommunizieren und sie dort \u00fcber unsere Leistungen informieren zu k\u00f6nnen. Beim Aufruf der jeweiligen Netzwerke und Plattformen gelten die Gesch\u00e4ftsbedingungen und die Datenverarbeitungsrichtlinien deren jeweiligen Betreiber.<\/p>\n<p>Soweit nicht anders im Rahmen unserer Datenschutzerkl\u00e4rung angegeben, verarbeiten wir die Daten der Nutzer sofern diese mit uns innerhalb der sozialen Netzwerke und Plattformen kommunizieren, z.B. Beitr\u00e4ge auf unseren Onlinepr\u00e4senzen verfassen oder uns Nachrichten zusenden.<\/p>\n<h4><strong>Datenschutzerkl\u00e4rung f\u00fcr die Nutzung von YouTube<br \/>\n<\/strong><\/h4>\n<p>Unsere Webseite nutzt Plugins der von Google betriebenen Seite YouTube. Wenn Sie eine unserer mit einem YouTube-Plugin ausgestatteten Seiten besuchen, wird eine Verbindung zu den Servern von YouTube hergestellt. Dabei wird dem Youtube-Server mitgeteilt, welche unserer Seiten Sie besucht haben.<\/p>\n<p>Wenn Sie in Ihrem YouTube-Account eingeloggt sind erm\u00f6glichen Sie YouTube, Ihr Surfverhalten direkt Ihrem pers\u00f6nlichen Profil zuzuordnen. Dies k\u00f6nnen Sie verhindern, indem Sie sich aus Ihrem YouTube-Account ausloggen.<\/p>\n<p>Weitere Informationen zum Umgang von Nutzerdaten finden Sie in der Datenschutzerkl\u00e4rung von YouTube unter <a href=\"https:\/\/www.google.de\/intl\/de\/policies\/privacy\">https:\/\/www.google.de\/intl\/de\/policies\/privacy<\/a><\/p>\n<h4><strong>Elektronische Post (E-Mail)<\/strong><\/h4>\n<p>Informationen, die Sie unverschl\u00fcsselt per Elektronische Post (E-Mail) an uns senden, k\u00f6nnen m\u00f6glicherweise auf dem \u00dcbertragungsweg von Dritten gelesen werden. Wir k\u00f6nnen in der Regel auch Ihre Identit\u00e4t nicht \u00fcberpr\u00fcfen und wissen nicht, wer sich hinter einer E-Mail-Adresse verbirgt. Eine rechtssichere Kommunikation durch einfache E-Mail ist daher nicht gew\u00e4hrleistet. Wir setzen \u2013 wie viele E-Mail-Anbieter \u2013 Filter gegen unerw\u00fcnschte Werbung (\u201eSPAM-Filter\u201c) ein, die in seltenen F\u00e4llen auch normale E-Mails f\u00e4lschlicherweise automatisch als unerw\u00fcnschte Werbung einordnen und l\u00f6schen. E-Mails, die sch\u00e4digende Programme (\u201eViren\u201c) enthalten, werden von uns in jedem Fall automatisch gel\u00f6scht.<\/p>\n<p>Wenn Sie schutzw\u00fcrdige Nachrichten an uns senden wollen, empfehlen wir, diese zu verschl\u00fcsseln und zu signieren, um eine unbefugte Kenntnisnahme und Verf\u00e4lschung auf dem \u00dcbertragungsweg zu verhindern oder die Nachricht auf konventionellem Postwege an uns zu senden.<\/p>\n<p>Bitte teilen Sie uns auch mit, ob und auf welche Weise wir Ihnen zur Beantwortung Ihrer Zusendungen verschl\u00fcsselte E-Mails \u00fcbersenden k\u00f6nnen und ob Sie \u2013 falls dies nicht m\u00f6glich ist \u2013 mit einer unverschl\u00fcsselten Antwort per E-Mail auf Ihr Schreiben einverstanden sind. Wenn Sie \u00fcber keine M\u00f6glichkeit zum Empfang verschl\u00fcsselter E-Mails verf\u00fcgen, bitten wir, uns zur Beantwortung Ihrer schutzw\u00fcrdiger Nachrichten Ihre Postanschrift zu nennen.<\/p>\n<p><em>\u2014 \u00a0nachfolgenden Text platzieren, sofern ein Dateneingabe \u00fcber die Webseite m\u00f6glich ist\u00a0 \u2014-<\/em><\/p>\n<h4><strong>Erhebung weiterer Daten<br \/>\n<\/strong><\/h4>\n<p>In unserem Angebot besteht die M\u00f6glichkeit zur Eingabe pers\u00f6nlicher oder gesch\u00e4ftlicher Daten. Ihre Daten werden dabei auf dem Transport unter Verwendung einer Software (SSL) verschl\u00fcsselt und sind vor einer Kenntnisnahme durch Dritte gesch\u00fctzt.<\/p>\n<h4><strong>Datensicherheit<br \/>\n<\/strong><\/h4>\n<p>Wir verwenden innerhalb des Website-Besuchs das verbreitete SSL-Verfahren (Secure Socket Layer) in Verbindung mit der jeweils h\u00f6chsten Verschl\u00fcsselungsstufe, die von Ihrem Browser unterst\u00fctzt wird. In der Regel handelt es sich dabei um eine 256 Bit Verschl\u00fcsselung. Falls Ihr Browser keine 256-Bit Verschl\u00fcsselung unterst\u00fctzt, greifen wir stattdessen auf 128-Bit v3 Technologie zur\u00fcck. Ob eine einzelne Seite unseres Internetauftrittes verschl\u00fcsselt \u00fcbertragen wird, erkennen Sie an der geschlossenen Darstellung des Sch\u00fcssel- beziehungsweise Schloss-Symbols in der unteren Statusleiste Ihres Browsers.<br \/>\nWir bedienen uns im \u00dcbrigen geeigneter technischer und organisatorischer Sicherheitsma\u00dfnahmen, um Ihre Daten gegen zuf\u00e4llige oder vors\u00e4tzliche Manipulationen, teilweisen oder vollst\u00e4ndigen Verlust, Zerst\u00f6rung oder gegen den unbefugten Zugriff Dritter zu sch\u00fctzen. Unsere Sicherheitsma\u00dfnahmen werden entsprechend der technologischen Entwicklung fortlaufend verbessert.<\/p>\n<h4><strong>Kontaktformular<br \/>\n<\/strong><\/h4>\n<p>Der Zweck der Datenverarbeitung ist ausschlie\u00dflich auf die Bearbeitung der Anfrage aus dem Kontaktformular beschr\u00e4nkt. Die Daten werden mittels unverschl\u00fcsselter E-Mail an die im Haus zust\u00e4ndige Fachstelle weitergeleitet. Sollte es sich um eine allgemeine Anfrage handeln, werden Ihre Daten nach Abschluss der Bearbeitung gel\u00f6scht. Ansonsten werden Ihre Daten solange gespeichert, wie dies unter Beachtung der gesetzlichen Aufbewahrungsfristen f\u00fcr die genannte Aufgabe erforderlich ist. Zudem k\u00f6nnen Sie alle Informationen auch beim beh\u00f6rdlichen Datenschutzbeauftragten erfragen, den Sie unter o.g. Adresse, via Mail unter datenschutz@neustadt.de oder telefonisch unter 09602-79 9010 erreichen k\u00f6nnen.<\/p>\n<h4><strong>Hinweis auf Rechte bei Erhebung von personenbezogenen Daten nach Art. 13 und 14 Datenschutz-Grundverordnung (DSGVO)<br \/>\n<\/strong><\/h4>\n<p>Ihre Daten werden daf\u00fcr erhoben, um Ihr(en) Antrag, Anliegen, Wunsch usw. zu bearbeiten. Ihre Daten werden auf Grundlage von Art. 6 Abs. 1 DSGVO verarbeitet.<\/p>\n<h4><strong>Dauer der Datenspeicherung<br \/>\n<\/strong><\/h4>\n<p>Ihre Daten werden nach der Erhebung beim Landratsamt Neustadt a. d. Waldnaab so lange gespeichert, wie dies unter Beachtung der gesetzlichen Aufbewahrungsfristen f\u00fcr die jeweilige Aufgabenerf\u00fcllung erforderlich ist.<\/p>\n<h4><strong>Widerspruchsrecht <\/strong><\/h4>\n<p>Nach der Datenschutz-Grundverordnung stehen Ihnen folgende Rechte zu:<br \/>\nWerden Ihre personenbezogenen Daten verarbeitet, so haben Sie das Recht Auskunft \u00fcber die zu Ihrer Person gespeicherten Daten zu erhalten (Art. 15 DSGVO).<\/p>\n<p>Sollten unrichtige personenbezogene Daten verarbeitet werden, steht Ihnen ein Recht auf Berichtigung zu (Art. 16 DSGVO).<\/p>\n<p>Liegen die gesetzlichen Voraussetzungen vor, so k\u00f6nnen Sie die L\u00f6schung oder Einschr\u00e4nkung der Verarbeitung verlangen sowie Widerspruch gegen die Verarbeitung einlegen (Art. 17, 18 und 21 DSGVO).<\/p>\n<p>Wenn Sie in die Datenverarbeitung eingewilligt haben oder ein Vertrag zur Datenverarbeitung besteht und die Datenverarbeitung mithilfe automatisierter Verfahren durchgef\u00fchrt wird, steht Ihnen gegebenenfalls ein Recht auf Daten\u00fcbertragbarkeit zu (Art. 20 DSGVO).<\/p>\n<p>Sollten Sie von Ihren oben genannten Rechten Gebrauch machen, pr\u00fcft die \u00f6ffentliche Stelle, ob die gesetzlichen Voraussetzungen hierf\u00fcr erf\u00fcllt sind. Weiterhin besteht ein Beschwerderecht beim Bayerischen Landesbeauftragten f\u00fcr den Datenschutz.<\/p>\n<p>Wenn Sie in die Verarbeitung durch das Landratsamt Neustadt a. d. Waldnaab durch eine entsprechende Erkl\u00e4rung eingewilligt haben, k\u00f6nnen Sie die Einwilligung jederzeit f\u00fcr die Zukunft widerrufen.<\/p>\n<p>Die Rechtm\u00e4\u00dfigkeit der aufgrund der Einwilligung bis zum Widerruf erfolgten Datenverarbeitung wird durch diesen nicht ber\u00fchrt.<\/p>\n<h4><strong>Aktualit\u00e4t und \u00c4nderung dieser Datenschutzerkl\u00e4rung\u00a0<\/strong><\/h4>\n<p>Diese Datenschutzerkl\u00e4rung ist aktuell g\u00fcltig (Stand Mai 2018) und ber\u00fccksichtigt die Anforderungen der ab dem 25.5.2018 anzuwendenden Datenschutz Grundverordnung (DSGVO). Durch die Weiterentwicklung unserer Website und Angebote dar\u00fcber oder aufgrund ge\u00e4nderter gesetzlicher beziehungsweise beh\u00f6rdlicher Vorgaben kann es notwendig werden, diese Datenschutzerkl\u00e4rung zu \u00e4ndern. Die jeweils aktuelle Datenschutzerkl\u00e4rung kann jederzeit auf der Website von Ihnen abgerufen und ausgedruckt werden.<\/p>\n<\/div>\n<\/section>\n","protected":false},"excerpt":{"rendered":"<p>Datenschutzerkl\u00e4rung Verantwortlichkeiten Verantwortlich f\u00fcr die Datenerhebung: Landratsamt Neustadt a. d. Waldnaab Abteilung Gesundheitswesen Gesundheitsamt f\u00fcr den Landkreis Neustadt a. d. Waldnaab und die Stadt Weiden in der Oberpfalz Daniela Peintinger Maistra\u00dfe 7-9 92637 Weiden i.d.OPf Tel.: 09602\/79-6300 oder -6310 Email: dpeintinger@grplus-nopf.de Kontaktdaten Datenschutzbeauftragter Landratsamt Neustadt a. d. Waldnaab Stadtplatz 36 92660 Neustadt a.d. Waldnaab Telefon:&hellip;<\/p>\n","protected":false},"author":2,"featured_media":0,"parent":0,"menu_order":0,"comment_status":"closed","ping_status":"closed","template":"","meta":{"footnotes":""},"class_list":["post-73","page","type-page","status-publish","hentry","description-off"],"_links":{"self":[{"href":"https:\/\/www.hpvn-nordoberpfalz.de\/index.php\/wp-json\/wp\/v2\/pages\/73","targetHints":{"allow":["GET"]}}],"collection":[{"href":"https:\/\/www.hpvn-nordoberpfalz.de\/index.php\/wp-json\/wp\/v2\/pages"}],"about":[{"href":"https:\/\/www.hpvn-nordoberpfalz.de\/index.php\/wp-json\/wp\/v2\/types\/page"}],"author":[{"embeddable":true,"href":"https:\/\/www.hpvn-nordoberpfalz.de\/index.php\/wp-json\/wp\/v2\/users\/2"}],"replies":[{"embeddable":true,"href":"https:\/\/www.hpvn-nordoberpfalz.de\/index.php\/wp-json\/wp\/v2\/comments?post=73"}],"version-history":[{"count":7,"href":"https:\/\/www.hpvn-nordoberpfalz.de\/index.php\/wp-json\/wp\/v2\/pages\/73\/revisions"}],"predecessor-version":[{"id":249,"href":"https:\/\/www.hpvn-nordoberpfalz.de\/index.php\/wp-json\/wp\/v2\/pages\/73\/revisions\/249"}],"wp:attachment":[{"href":"https:\/\/www.hpvn-nordoberpfalz.de\/index.php\/wp-json\/wp\/v2\/media?parent=73"}],"curies":[{"name":"wp","href":"https:\/\/api.w.org\/{rel}","templated":true}]}}